{"id":693,"date":"2024-06-26T14:49:50","date_gmt":"2024-06-26T12:49:50","guid":{"rendered":"https:\/\/joyinterieur.com\/contact\/"},"modified":"2024-10-25T09:12:39","modified_gmt":"2024-10-25T07:12:39","slug":"contact","status":"publish","type":"page","link":"https:\/\/joyinterieur.com\/?page_id=693","title":{"rendered":"Contact"},"content":{"rendered":"\t\t<div data-elementor-type=\"wp-page\" data-elementor-id=\"693\" class=\"elementor elementor-693\">\n\t\t\t\t<div class=\"elementor-element elementor-element-5b24a8b e-flex e-con-boxed e-con e-parent\" data-id=\"5b24a8b\" data-element_type=\"container\">\n\t\t\t\t\t<div class=\"e-con-inner\">\n\t\t<div class=\"elementor-element elementor-element-1fbd468 e-con-full e-flex elementor-invisible e-con e-child\" data-id=\"1fbd468\" data-element_type=\"container\" data-settings=\"{&quot;animation&quot;:&quot;fadeInDown&quot;}\">\n\t\t\t\t<div class=\"elementor-element elementor-element-2fd3808 elementor-widget elementor-widget-heading\" data-id=\"2fd3808\" data-element_type=\"widget\" data-widget_type=\"heading.default\">\n\t\t\t\t<div class=\"elementor-widget-container\">\n\t\t\t\t\t<h2 class=\"elementor-heading-title elementor-size-default\">Un projet ? Contactez nous !<\/h2>\t\t\t\t<\/div>\n\t\t\t\t<\/div>\n\t\t\t\t<div class=\"elementor-element elementor-element-c2d4d43 elementor-widget elementor-widget-wpforms\" data-id=\"c2d4d43\" data-element_type=\"widget\" data-widget_type=\"wpforms.default\">\n\t\t\t\t<div class=\"elementor-widget-container\">\n\t\t\t\t\t<div class=\"wpforms-container \" id=\"wpforms-3694\"><form id=\"wpforms-form-3694\" class=\"wpforms-validate wpforms-form wpforms-ajax-form\" data-formid=\"3694\" method=\"post\" enctype=\"multipart\/form-data\" action=\"\/index.php?rest_route=%2Fwp%2Fv2%2Fpages%2F693\" data-token=\"c3de920bb7796b2f11b775a0e5587866\" data-token-time=\"1777984621\"><noscript class=\"wpforms-error-noscript\">Veuillez activer JavaScript dans votre navigateur pour remplir ce formulaire.<\/noscript><div class=\"wpforms-field-container\"><div id=\"wpforms-3694-field_4-container\" class=\"wpforms-field wpforms-field-text\" data-field-id=\"4\"><label class=\"wpforms-field-label\" for=\"wpforms-3694-field_4\">Soci\u00e9t\u00e9<\/label><input type=\"text\" id=\"wpforms-3694-field_4\" class=\"wpforms-field-medium\" name=\"wpforms[fields][4]\" ><\/div><div id=\"wpforms-3694-field_0-container\" class=\"wpforms-field wpforms-field-name\" data-field-id=\"0\"><label class=\"wpforms-field-label\" for=\"wpforms-3694-field_0\">Nom <span class=\"wpforms-required-label\">*<\/span><\/label><div class=\"wpforms-field-row wpforms-field-medium\"><div class=\"wpforms-field-row-block wpforms-first wpforms-one-half\"><input type=\"text\" id=\"wpforms-3694-field_0\" class=\"wpforms-field-name-first wpforms-field-required\" name=\"wpforms[fields][0][first]\" placeholder=\"Pr\u00e9nom\" required><label for=\"wpforms-3694-field_0\" class=\"wpforms-field-sublabel after wpforms-sublabel-hide\">Pr\u00e9nom<\/label><\/div><div class=\"wpforms-field-row-block wpforms-one-half\"><input type=\"text\" id=\"wpforms-3694-field_0-last\" class=\"wpforms-field-name-last wpforms-field-required\" name=\"wpforms[fields][0][last]\" placeholder=\"Nom\" required><label for=\"wpforms-3694-field_0-last\" class=\"wpforms-field-sublabel after wpforms-sublabel-hide\">Nom<\/label><\/div><\/div><\/div><div id=\"wpforms-3694-field_3-container\" class=\"wpforms-field wpforms-field-text\" data-field-id=\"3\"><label class=\"wpforms-field-label\" for=\"wpforms-3694-field_3\">N\u00b0 de t\u00e9l\u00e9phone <span class=\"wpforms-required-label\">*<\/span><\/label><input type=\"text\" id=\"wpforms-3694-field_3\" class=\"wpforms-field-medium wpforms-field-required\" name=\"wpforms[fields][3]\" required><\/div><div id=\"wpforms-3694-field_1-container\" class=\"wpforms-field wpforms-field-email\" data-field-id=\"1\"><label class=\"wpforms-field-label\" for=\"wpforms-3694-field_1\">E-mail <span class=\"wpforms-required-label\">*<\/span><\/label><input type=\"email\" id=\"wpforms-3694-field_1\" class=\"wpforms-field-medium wpforms-field-required\" name=\"wpforms[fields][1]\" spellcheck=\"false\" required><\/div><div id=\"wpforms-3694-field_2-container\" class=\"wpforms-field wpforms-field-textarea\" data-field-id=\"2\"><label class=\"wpforms-field-label\" for=\"wpforms-3694-field_2\">Message<\/label><textarea id=\"wpforms-3694-field_2\" class=\"wpforms-field-medium\" name=\"wpforms[fields][2]\" ><\/textarea><\/div><\/div><!-- .wpforms-field-container --><div class=\"wpforms-recaptcha-container wpforms-is-recaptcha wpforms-is-recaptcha-type-v2\" ><div class=\"g-recaptcha\" data-sitekey=\"6LcarmsqAAAAACFhZTeZ06ofOrGmwXuBg6tEvzN-\"><\/div><input type=\"text\" name=\"g-recaptcha-hidden\" class=\"wpforms-recaptcha-hidden\" style=\"position:absolute!important;clip:rect(0,0,0,0)!important;height:1px!important;width:1px!important;border:0!important;overflow:hidden!important;padding:0!important;margin:0!important;\" data-rule-recaptcha=\"1\"><\/div><div class=\"wpforms-submit-container\" ><input type=\"hidden\" name=\"wpforms[id]\" value=\"3694\"><input type=\"hidden\" name=\"page_title\" value=\"\"><input type=\"hidden\" name=\"page_url\" value=\"https:\/\/joyinterieur.com\/index.php?rest_route=%2Fwp%2Fv2%2Fpages%2F693\"><button type=\"submit\" name=\"wpforms[submit]\" id=\"wpforms-submit-3694\" class=\"wpforms-submit\" data-alt-text=\"Envoi...\" data-submit-text=\"Envoyer\" aria-live=\"assertive\" value=\"wpforms-submit\">Envoyer<\/button><img decoding=\"async\" src=\"https:\/\/joyinterieur.com\/wp-content\/plugins\/wpforms-lite\/assets\/images\/submit-spin.svg\" class=\"wpforms-submit-spinner\" style=\"display: none;\" width=\"26\" height=\"26\" alt=\"Chargement en cours\"><\/div><\/form><\/div>  <!-- .wpforms-container -->\t\t\t\t<\/div>\n\t\t\t\t<\/div>\n\t\t\t\t<div class=\"elementor-element elementor-element-10d338e elementor-widget elementor-widget-text-editor\" data-id=\"10d338e\" data-element_type=\"widget\" data-widget_type=\"text-editor.default\">\n\t\t\t\t<div class=\"elementor-widget-container\">\n\t\t\t\t\t\t\t\t\t<p><a href=\"mailto:contact@joyinterieur.com\"><em>contact@joyinterieur.com<\/em><\/a><\/p><p><strong>02 99 37 06 57<\/strong><\/p>\t\t\t\t\t\t\t\t<\/div>\n\t\t\t\t<\/div>\n\t\t\t\t<div class=\"elementor-element elementor-element-bf29e97 elementor-widget elementor-widget-text-editor\" data-id=\"bf29e97\" data-element_type=\"widget\" data-widget_type=\"text-editor.default\">\n\t\t\t\t<div class=\"elementor-widget-container\">\n\t\t\t\t\t\t\t\t\t<p>Espace Peformance Alphasis<\/p><p>B\u00e2timent D2<\/p><p>35760 SAINT-GR\u00c9GOIRE<\/p>\t\t\t\t\t\t\t\t<\/div>\n\t\t\t\t<\/div>\n\t\t\t\t<\/div>\n\t\t<div class=\"elementor-element elementor-element-96afbba e-con-full e-flex e-con e-child\" data-id=\"96afbba\" data-element_type=\"container\">\n\t\t\t\t<div class=\"elementor-element elementor-element-d7119f3 elementor-invisible elementor-widget elementor-widget-image\" data-id=\"d7119f3\" data-element_type=\"widget\" data-settings=\"{&quot;_animation&quot;:&quot;fadeInDown&quot;}\" data-widget_type=\"image.default\">\n\t\t\t\t<div class=\"elementor-widget-container\">\n\t\t\t\t\t\t\t\t\t\t\t\t\t\t\t<img fetchpriority=\"high\" decoding=\"async\" width=\"768\" height=\"1024\" src=\"https:\/\/joyinterieur.com\/wp-content\/uploads\/2024\/07\/joydesign-interieur-photo-equipe-team-768x1024.jpg\" class=\"attachment-large size-large wp-image-3634\" alt=\"L&#039;\u00e9quipe de Joydesign Int\u00e9rieur r\u00e9unie pour une photo de groupe.\" srcset=\"https:\/\/joyinterieur.com\/wp-content\/uploads\/2024\/07\/joydesign-interieur-photo-equipe-team-768x1024.jpg 768w, https:\/\/joyinterieur.com\/wp-content\/uploads\/2024\/07\/joydesign-interieur-photo-equipe-team-225x300.jpg 225w, https:\/\/joyinterieur.com\/wp-content\/uploads\/2024\/07\/joydesign-interieur-photo-equipe-team-1152x1536.jpg 1152w, https:\/\/joyinterieur.com\/wp-content\/uploads\/2024\/07\/joydesign-interieur-photo-equipe-team.jpg 1200w\" sizes=\"(max-width: 768px) 100vw, 768px\" \/>\t\t\t\t\t\t\t\t\t\t\t\t\t\t\t<\/div>\n\t\t\t\t<\/div>\n\t\t\t\t<\/div>\n\t\t\t\t\t<\/div>\n\t\t\t\t<\/div>\n\t\t<div class=\"elementor-element elementor-element-2bf69c7 e-flex e-con-boxed elementor-invisible e-con e-parent\" data-id=\"2bf69c7\" data-element_type=\"container\" data-settings=\"{&quot;animation&quot;:&quot;fadeInUp&quot;}\">\n\t\t\t\t\t<div class=\"e-con-inner\">\n\t\t<div class=\"elementor-element elementor-element-008dd95 e-con-full e-flex e-con e-child\" data-id=\"008dd95\" data-element_type=\"container\">\n\t\t\t\t<div class=\"elementor-element elementor-element-cf11fa7 elementor-widget elementor-widget-google_maps\" data-id=\"cf11fa7\" data-element_type=\"widget\" data-widget_type=\"google_maps.default\">\n\t\t\t\t<div class=\"elementor-widget-container\">\n\t\t\t\t\t\t\t<div class=\"elementor-custom-embed\">\n\t\t\t<iframe loading=\"lazy\"\n\t\t\t\t\tsrc=\"https:\/\/maps.google.com\/maps?q=Joydesign%20int%C3%A9rieur&#038;t=m&#038;z=10&#038;output=embed&#038;iwloc=near\"\n\t\t\t\t\ttitle=\"Joydesign int\u00e9rieur\"\n\t\t\t\t\taria-label=\"Joydesign int\u00e9rieur\"\n\t\t\t><\/iframe>\n\t\t<\/div>\n\t\t\t\t\t\t<\/div>\n\t\t\t\t<\/div>\n\t\t\t\t<\/div>\n\t\t<div class=\"elementor-element elementor-element-e44dee1 e-con-full e-flex e-con e-child\" data-id=\"e44dee1\" data-element_type=\"container\">\n\t\t\t\t<\/div>\n\t\t\t\t\t<\/div>\n\t\t\t\t<\/div>\n\t\t\t\t<\/div>\n\t\t","protected":false},"excerpt":{"rendered":"<p>Un projet ? Contactez nous ! Veuillez activer JavaScript dans votre navigateur pour remplir ce formulaire.Soci\u00e9t\u00e9Nom *Pr\u00e9nomNomN\u00b0 de t\u00e9l\u00e9phone *E-mail *Message Envoyer contact@joyinterieur.com 02 99 37 06 57 Espace Peformance Alphasis B\u00e2timent D2 35760 SAINT-GR\u00c9GOIRE<\/p>\n","protected":false},"author":2,"featured_media":0,"parent":0,"menu_order":0,"comment_status":"closed","ping_status":"closed","template":"","meta":{"_acf_changed":false,"_uag_custom_page_level_css":"","ocean_post_layout":"","ocean_both_sidebars_style":"","ocean_both_sidebars_content_width":0,"ocean_both_sidebars_sidebars_width":0,"ocean_sidebar":"","ocean_second_sidebar":"","ocean_disable_margins":"enable","ocean_add_body_class":"","ocean_shortcode_before_top_bar":"","ocean_shortcode_after_top_bar":"","ocean_shortcode_before_header":"","ocean_shortcode_after_header":"","ocean_has_shortcode":"","ocean_shortcode_after_title":"","ocean_shortcode_before_footer_widgets":"","ocean_shortcode_after_footer_widgets":"","ocean_shortcode_before_footer_bottom":"","ocean_shortcode_after_footer_bottom":"","ocean_display_top_bar":"default","ocean_display_header":"default","ocean_header_style":"","ocean_center_header_left_menu":"","ocean_custom_header_template":"","ocean_custom_logo":0,"ocean_custom_retina_logo":0,"ocean_custom_logo_max_width":0,"ocean_custom_logo_tablet_max_width":0,"ocean_custom_logo_mobile_max_width":0,"ocean_custom_logo_max_height":0,"ocean_custom_logo_tablet_max_height":0,"ocean_custom_logo_mobile_max_height":0,"ocean_header_custom_menu":"","ocean_menu_typo_font_family":"","ocean_menu_typo_font_subset":"","ocean_menu_typo_font_size":0,"ocean_menu_typo_font_size_tablet":0,"ocean_menu_typo_font_size_mobile":0,"ocean_menu_typo_font_size_unit":"px","ocean_menu_typo_font_weight":"","ocean_menu_typo_font_weight_tablet":"","ocean_menu_typo_font_weight_mobile":"","ocean_menu_typo_transform":"","ocean_menu_typo_transform_tablet":"","ocean_menu_typo_transform_mobile":"","ocean_menu_typo_line_height":0,"ocean_menu_typo_line_height_tablet":0,"ocean_menu_typo_line_height_mobile":0,"ocean_menu_typo_line_height_unit":"","ocean_menu_typo_spacing":0,"ocean_menu_typo_spacing_tablet":0,"ocean_menu_typo_spacing_mobile":0,"ocean_menu_typo_spacing_unit":"","ocean_menu_link_color":"","ocean_menu_link_color_hover":"","ocean_menu_link_color_active":"","ocean_menu_link_background":"","ocean_menu_link_hover_background":"","ocean_menu_link_active_background":"","ocean_menu_social_links_bg":"","ocean_menu_social_hover_links_bg":"","ocean_menu_social_links_color":"","ocean_menu_social_hover_links_color":"","ocean_disable_title":"default","ocean_disable_heading":"default","ocean_post_title":"","ocean_post_subheading":"","ocean_post_title_style":"","ocean_post_title_background_color":"","ocean_post_title_background":0,"ocean_post_title_bg_image_position":"","ocean_post_title_bg_image_attachment":"","ocean_post_title_bg_image_repeat":"","ocean_post_title_bg_image_size":"","ocean_post_title_height":0,"ocean_post_title_bg_overlay":0.5,"ocean_post_title_bg_overlay_color":"","ocean_disable_breadcrumbs":"default","ocean_breadcrumbs_color":"","ocean_breadcrumbs_separator_color":"","ocean_breadcrumbs_links_color":"","ocean_breadcrumbs_links_hover_color":"","ocean_display_footer_widgets":"default","ocean_display_footer_bottom":"default","ocean_custom_footer_template":"","footnotes":""},"acf":[],"yoast_head":"<!-- This site is optimized with the Yoast SEO plugin v22.9 - https:\/\/yoast.com\/wordpress\/plugins\/seo\/ -->\n<title>Contact - Joydesign int\u00e9rieur<\/title>\n<meta name=\"robots\" content=\"index, follow, max-snippet:-1, max-image-preview:large, max-video-preview:-1\" \/>\n<link rel=\"canonical\" href=\"https:\/\/joyinterieur.com\/?page_id=693\" \/>\n<meta property=\"og:locale\" content=\"fr_FR\" \/>\n<meta property=\"og:type\" content=\"article\" \/>\n<meta property=\"og:title\" content=\"Contact - Joydesign int\u00e9rieur\" \/>\n<meta property=\"og:description\" content=\"Un projet ? Contactez nous ! Veuillez activer JavaScript dans votre navigateur pour remplir ce formulaire.Soci\u00e9t\u00e9Nom *Pr\u00e9nomNomN\u00b0 de t\u00e9l\u00e9phone *E-mail *Message Envoyer contact@joyinterieur.com 02 99 37 06 57 Espace Peformance Alphasis B\u00e2timent D2 35760 SAINT-GR\u00c9GOIRE\" \/>\n<meta property=\"og:url\" content=\"https:\/\/joyinterieur.com\/?page_id=693\" \/>\n<meta property=\"og:site_name\" content=\"Joydesign int\u00e9rieur\" \/>\n<meta property=\"article:modified_time\" content=\"2024-10-25T07:12:39+00:00\" \/>\n<meta property=\"og:image\" content=\"https:\/\/joyinterieur.com\/wp-content\/plugins\/wpforms-lite\/assets\/images\/submit-spin.svg\" \/>\n<meta name=\"twitter:card\" content=\"summary_large_image\" \/>\n<meta name=\"twitter:label1\" content=\"Dur\u00e9e de lecture estim\u00e9e\" \/>\n\t<meta name=\"twitter:data1\" content=\"1 minute\" \/>\n<script type=\"application\/ld+json\" class=\"yoast-schema-graph\">{\"@context\":\"https:\/\/schema.org\",\"@graph\":[{\"@type\":\"WebPage\",\"@id\":\"https:\/\/joyinterieur.com\/?page_id=693\",\"url\":\"https:\/\/joyinterieur.com\/?page_id=693\",\"name\":\"Contact - Joydesign int\u00e9rieur\",\"isPartOf\":{\"@id\":\"https:\/\/joyinterieur.com\/#website\"},\"primaryImageOfPage\":{\"@id\":\"https:\/\/joyinterieur.com\/?page_id=693#primaryimage\"},\"image\":{\"@id\":\"https:\/\/joyinterieur.com\/?page_id=693#primaryimage\"},\"thumbnailUrl\":\"https:\/\/joyinterieur.com\/wp-content\/plugins\/wpforms-lite\/assets\/images\/submit-spin.svg\",\"datePublished\":\"2024-06-26T12:49:50+00:00\",\"dateModified\":\"2024-10-25T07:12:39+00:00\",\"breadcrumb\":{\"@id\":\"https:\/\/joyinterieur.com\/?page_id=693#breadcrumb\"},\"inLanguage\":\"fr-FR\",\"potentialAction\":[{\"@type\":\"ReadAction\",\"target\":[\"https:\/\/joyinterieur.com\/?page_id=693\"]}]},{\"@type\":\"ImageObject\",\"inLanguage\":\"fr-FR\",\"@id\":\"https:\/\/joyinterieur.com\/?page_id=693#primaryimage\",\"url\":\"https:\/\/joyinterieur.com\/wp-content\/plugins\/wpforms-lite\/assets\/images\/submit-spin.svg\",\"contentUrl\":\"https:\/\/joyinterieur.com\/wp-content\/plugins\/wpforms-lite\/assets\/images\/submit-spin.svg\"},{\"@type\":\"BreadcrumbList\",\"@id\":\"https:\/\/joyinterieur.com\/?page_id=693#breadcrumb\",\"itemListElement\":[{\"@type\":\"ListItem\",\"position\":1,\"name\":\"Accueil\",\"item\":\"https:\/\/joyinterieur.com\/\"},{\"@type\":\"ListItem\",\"position\":2,\"name\":\"Contact\"}]},{\"@type\":\"WebSite\",\"@id\":\"https:\/\/joyinterieur.com\/#website\",\"url\":\"https:\/\/joyinterieur.com\/\",\"name\":\"Joydesign int\u00e9rieur\",\"description\":\"\",\"publisher\":{\"@id\":\"https:\/\/joyinterieur.com\/#organization\"},\"alternateName\":\"Joydesign int\u00e9rieur\",\"potentialAction\":[{\"@type\":\"SearchAction\",\"target\":{\"@type\":\"EntryPoint\",\"urlTemplate\":\"https:\/\/joyinterieur.com\/?s={search_term_string}\"},\"query-input\":\"required name=search_term_string\"}],\"inLanguage\":\"fr-FR\"},{\"@type\":\"Organization\",\"@id\":\"https:\/\/joyinterieur.com\/#organization\",\"name\":\"Joydesign interieur\",\"alternateName\":\"Joydesign interieur\",\"url\":\"https:\/\/joyinterieur.com\/\",\"logo\":{\"@type\":\"ImageObject\",\"inLanguage\":\"fr-FR\",\"@id\":\"https:\/\/joyinterieur.com\/#\/schema\/logo\/image\/\",\"url\":\"https:\/\/joyinterieur.com\/wp-content\/uploads\/2024\/06\/LOGO_NOIR.png\",\"contentUrl\":\"https:\/\/joyinterieur.com\/wp-content\/uploads\/2024\/06\/LOGO_NOIR.png\",\"width\":1900,\"height\":682,\"caption\":\"Joydesign interieur\"},\"image\":{\"@id\":\"https:\/\/joyinterieur.com\/#\/schema\/logo\/image\/\"},\"sameAs\":[\"https:\/\/www.instagram.com\/joydesigninterieur\/\",\"https:\/\/www.linkedin.com\/company\/joydesigninterieur\/?viewAsMember=true\"]}]}<\/script>\n<!-- \/ Yoast SEO plugin. -->","yoast_head_json":{"title":"Contact - Joydesign int\u00e9rieur","robots":{"index":"index","follow":"follow","max-snippet":"max-snippet:-1","max-image-preview":"max-image-preview:large","max-video-preview":"max-video-preview:-1"},"canonical":"https:\/\/joyinterieur.com\/?page_id=693","og_locale":"fr_FR","og_type":"article","og_title":"Contact - Joydesign int\u00e9rieur","og_description":"Un projet ? Contactez nous ! Veuillez activer JavaScript dans votre navigateur pour remplir ce formulaire.Soci\u00e9t\u00e9Nom *Pr\u00e9nomNomN\u00b0 de t\u00e9l\u00e9phone *E-mail *Message Envoyer contact@joyinterieur.com 02 99 37 06 57 Espace Peformance Alphasis B\u00e2timent D2 35760 SAINT-GR\u00c9GOIRE","og_url":"https:\/\/joyinterieur.com\/?page_id=693","og_site_name":"Joydesign int\u00e9rieur","article_modified_time":"2024-10-25T07:12:39+00:00","og_image":[{"url":"https:\/\/joyinterieur.com\/wp-content\/plugins\/wpforms-lite\/assets\/images\/submit-spin.svg"}],"twitter_card":"summary_large_image","twitter_misc":{"Dur\u00e9e de lecture estim\u00e9e":"1 minute"},"schema":{"@context":"https:\/\/schema.org","@graph":[{"@type":"WebPage","@id":"https:\/\/joyinterieur.com\/?page_id=693","url":"https:\/\/joyinterieur.com\/?page_id=693","name":"Contact - Joydesign int\u00e9rieur","isPartOf":{"@id":"https:\/\/joyinterieur.com\/#website"},"primaryImageOfPage":{"@id":"https:\/\/joyinterieur.com\/?page_id=693#primaryimage"},"image":{"@id":"https:\/\/joyinterieur.com\/?page_id=693#primaryimage"},"thumbnailUrl":"https:\/\/joyinterieur.com\/wp-content\/plugins\/wpforms-lite\/assets\/images\/submit-spin.svg","datePublished":"2024-06-26T12:49:50+00:00","dateModified":"2024-10-25T07:12:39+00:00","breadcrumb":{"@id":"https:\/\/joyinterieur.com\/?page_id=693#breadcrumb"},"inLanguage":"fr-FR","potentialAction":[{"@type":"ReadAction","target":["https:\/\/joyinterieur.com\/?page_id=693"]}]},{"@type":"ImageObject","inLanguage":"fr-FR","@id":"https:\/\/joyinterieur.com\/?page_id=693#primaryimage","url":"https:\/\/joyinterieur.com\/wp-content\/plugins\/wpforms-lite\/assets\/images\/submit-spin.svg","contentUrl":"https:\/\/joyinterieur.com\/wp-content\/plugins\/wpforms-lite\/assets\/images\/submit-spin.svg"},{"@type":"BreadcrumbList","@id":"https:\/\/joyinterieur.com\/?page_id=693#breadcrumb","itemListElement":[{"@type":"ListItem","position":1,"name":"Accueil","item":"https:\/\/joyinterieur.com\/"},{"@type":"ListItem","position":2,"name":"Contact"}]},{"@type":"WebSite","@id":"https:\/\/joyinterieur.com\/#website","url":"https:\/\/joyinterieur.com\/","name":"Joydesign int\u00e9rieur","description":"","publisher":{"@id":"https:\/\/joyinterieur.com\/#organization"},"alternateName":"Joydesign int\u00e9rieur","potentialAction":[{"@type":"SearchAction","target":{"@type":"EntryPoint","urlTemplate":"https:\/\/joyinterieur.com\/?s={search_term_string}"},"query-input":"required name=search_term_string"}],"inLanguage":"fr-FR"},{"@type":"Organization","@id":"https:\/\/joyinterieur.com\/#organization","name":"Joydesign interieur","alternateName":"Joydesign interieur","url":"https:\/\/joyinterieur.com\/","logo":{"@type":"ImageObject","inLanguage":"fr-FR","@id":"https:\/\/joyinterieur.com\/#\/schema\/logo\/image\/","url":"https:\/\/joyinterieur.com\/wp-content\/uploads\/2024\/06\/LOGO_NOIR.png","contentUrl":"https:\/\/joyinterieur.com\/wp-content\/uploads\/2024\/06\/LOGO_NOIR.png","width":1900,"height":682,"caption":"Joydesign interieur"},"image":{"@id":"https:\/\/joyinterieur.com\/#\/schema\/logo\/image\/"},"sameAs":["https:\/\/www.instagram.com\/joydesigninterieur\/","https:\/\/www.linkedin.com\/company\/joydesigninterieur\/?viewAsMember=true"]}]}},"uagb_featured_image_src":{"full":false,"thumbnail":false,"medium":false,"medium_large":false,"large":false,"1536x1536":false,"2048x2048":false,"ocean-thumb-m":false,"ocean-thumb-ml":false,"ocean-thumb-l":false},"uagb_author_info":{"display_name":"marie","author_link":"https:\/\/joyinterieur.com\/?author=2"},"uagb_comment_info":0,"uagb_excerpt":"Un projet ? Contactez nous ! Veuillez activer JavaScript dans votre navigateur pour remplir ce formulaire.Soci\u00e9t\u00e9Nom *Pr\u00e9nomNomN\u00b0 de t\u00e9l\u00e9phone *E-mail *Message Envoyer contact@joyinterieur.com 02 99 37 06 57 Espace Peformance Alphasis B\u00e2timent D2 35760 SAINT-GR\u00c9GOIRE","_links":{"self":[{"href":"https:\/\/joyinterieur.com\/index.php?rest_route=\/wp\/v2\/pages\/693"}],"collection":[{"href":"https:\/\/joyinterieur.com\/index.php?rest_route=\/wp\/v2\/pages"}],"about":[{"href":"https:\/\/joyinterieur.com\/index.php?rest_route=\/wp\/v2\/types\/page"}],"author":[{"embeddable":true,"href":"https:\/\/joyinterieur.com\/index.php?rest_route=\/wp\/v2\/users\/2"}],"replies":[{"embeddable":true,"href":"https:\/\/joyinterieur.com\/index.php?rest_route=%2Fwp%2Fv2%2Fcomments&post=693"}],"version-history":[{"count":28,"href":"https:\/\/joyinterieur.com\/index.php?rest_route=\/wp\/v2\/pages\/693\/revisions"}],"predecessor-version":[{"id":4311,"href":"https:\/\/joyinterieur.com\/index.php?rest_route=\/wp\/v2\/pages\/693\/revisions\/4311"}],"wp:attachment":[{"href":"https:\/\/joyinterieur.com\/index.php?rest_route=%2Fwp%2Fv2%2Fmedia&parent=693"}],"curies":[{"name":"wp","href":"https:\/\/api.w.org\/{rel}","templated":true}]}}