{"id":3427,"date":"2024-07-02T10:38:13","date_gmt":"2024-07-02T08:38:13","guid":{"rendered":"https:\/\/joyinterieur.com\/?page_id=3427"},"modified":"2024-07-02T18:05:25","modified_gmt":"2024-07-02T16:05:25","slug":"brit-hotel","status":"publish","type":"page","link":"https:\/\/joyinterieur.com\/?page_id=3427","title":{"rendered":"Brit H\u00f4tel"},"content":{"rendered":"\t\t<div data-elementor-type=\"wp-page\" data-elementor-id=\"3427\" class=\"elementor elementor-3427\">\n\t\t\t\t<div class=\"elementor-element elementor-element-002afa9 e-con-full e-flex e-con e-parent\" data-id=\"002afa9\" data-element_type=\"container\" data-settings=\"{&quot;background_background&quot;:&quot;classic&quot;}\">\n\t\t\t\t<\/div>\n\t\t<div class=\"elementor-element elementor-element-4de7571 e-flex e-con-boxed e-con e-parent\" data-id=\"4de7571\" data-element_type=\"container\">\n\t\t\t\t\t<div class=\"e-con-inner\">\n\t\t<div class=\"elementor-element elementor-element-4575cf7 e-con-full e-flex e-con e-child\" data-id=\"4575cf7\" data-element_type=\"container\">\n\t\t\t\t<div class=\"elementor-element elementor-element-d26d33d elementor-widget elementor-widget-heading\" data-id=\"d26d33d\" data-element_type=\"widget\" data-widget_type=\"heading.default\">\n\t\t\t\t<div class=\"elementor-widget-container\">\n\t\t\t\t\t<h2 class=\"elementor-heading-title elementor-size-default\">Brit H\u00f4tel<\/h2>\t\t\t\t<\/div>\n\t\t\t\t<\/div>\n\t\t\t\t<div class=\"elementor-element elementor-element-58ddae6 elementor-widget__width-initial elementor-widget elementor-widget-text-editor\" data-id=\"58ddae6\" data-element_type=\"widget\" data-widget_type=\"text-editor.default\">\n\t\t\t\t<div class=\"elementor-widget-container\">\n\t\t\t\t\t\t\t\t\t<p>Nous avions pour mission de revoir l\u2019ensemble de la distribution, de r\u00e9implanter les espaces n\u00e9cessaires \u00e0 l\u2019activit\u00e9 et de revoir l\u2019ensemble de la d\u00e9coration et de l\u2019am\u00e9nagement.<\/p><p>Les espaces \u00e0 concevoir \u00e9taient l\u2019accueil, le bar, l\u2019espace salon, les salles de r\u00e9union, une salle de petit d\u00e9jeuner et quelques suites.<br \/><br \/><\/p>\t\t\t\t\t\t\t\t<\/div>\n\t\t\t\t<\/div>\n\t\t\t\t<div class=\"elementor-element elementor-element-0638a0b elementor-widget__width-initial elementor-widget elementor-widget-text-editor\" data-id=\"0638a0b\" data-element_type=\"widget\" data-widget_type=\"text-editor.default\">\n\t\t\t\t<div class=\"elementor-widget-container\">\n\t\t\t\t\t\t\t\t\t<p>Lieu : <strong>Foug\u00e8res<\/strong><\/p><p>Ann\u00e9e : <strong>2022-2024<\/strong><\/p><p>Type :<strong> H\u00f4tel<\/strong><\/p>\t\t\t\t\t\t\t\t<\/div>\n\t\t\t\t<\/div>\n\t\t\t\t<\/div>\n\t\t<div class=\"elementor-element elementor-element-ec94afc e-con-full e-flex e-con e-child\" data-id=\"ec94afc\" data-element_type=\"container\">\n\t\t\t\t<div class=\"elementor-element elementor-element-56d52d9 elementor-widget__width-initial elementor-widget elementor-widget-image\" data-id=\"56d52d9\" data-element_type=\"widget\" data-widget_type=\"image.default\">\n\t\t\t\t<div class=\"elementor-widget-container\">\n\t\t\t\t\t\t\t\t\t\t\t\t\t\t\t<img fetchpriority=\"high\" decoding=\"async\" width=\"768\" height=\"576\" src=\"https:\/\/joyinterieur.com\/wp-content\/uploads\/2024\/07\/joydesign-interieur-brit-hotel-tete-de-lit-768x576.jpg\" class=\"attachment-medium_large size-medium_large wp-image-3463\" alt=\"T\u00eate de lit avec \u00e9clairage int\u00e9gr\u00e9 et d\u00e9cor de for\u00eat dans une chambre du Brit H\u00f4tel, con\u00e7ue par JoyDesign Int\u00e9rieur.\" srcset=\"https:\/\/joyinterieur.com\/wp-content\/uploads\/2024\/07\/joydesign-interieur-brit-hotel-tete-de-lit-768x576.jpg 768w, https:\/\/joyinterieur.com\/wp-content\/uploads\/2024\/07\/joydesign-interieur-brit-hotel-tete-de-lit-300x225.jpg 300w, https:\/\/joyinterieur.com\/wp-content\/uploads\/2024\/07\/joydesign-interieur-brit-hotel-tete-de-lit.jpg 800w\" sizes=\"(max-width: 768px) 100vw, 768px\" \/>\t\t\t\t\t\t\t\t\t\t\t\t\t\t\t<\/div>\n\t\t\t\t<\/div>\n\t\t\t\t<\/div>\n\t\t\t\t\t<\/div>\n\t\t\t\t<\/div>\n\t\t<div class=\"elementor-element elementor-element-81f1b60 e-flex e-con-boxed e-con e-parent\" data-id=\"81f1b60\" data-element_type=\"container\">\n\t\t\t\t\t<div class=\"e-con-inner\">\n\t\t<div class=\"elementor-element elementor-element-4eda5cf e-con-full e-flex e-con e-child\" data-id=\"4eda5cf\" data-element_type=\"container\">\n\t\t\t\t<div class=\"elementor-element elementor-element-7f31897 elementor-widget elementor-widget-image\" data-id=\"7f31897\" data-element_type=\"widget\" data-widget_type=\"image.default\">\n\t\t\t\t<div class=\"elementor-widget-container\">\n\t\t\t\t\t\t\t\t\t\t\t\t\t\t\t<img decoding=\"async\" width=\"1024\" height=\"768\" src=\"https:\/\/joyinterieur.com\/wp-content\/uploads\/2024\/07\/joydesign-interieur-brit-hotel-agencement-chambre-bureau.jpg\" class=\"attachment-large size-large wp-image-3464\" alt=\"Chambre d&#039;h\u00f4tel moderne avec bureau et t\u00e9l\u00e9vision, con\u00e7ue par JoyDesign Int\u00e9rieur pour le Brit H\u00f4tel.\" srcset=\"https:\/\/joyinterieur.com\/wp-content\/uploads\/2024\/07\/joydesign-interieur-brit-hotel-agencement-chambre-bureau.jpg 1024w, https:\/\/joyinterieur.com\/wp-content\/uploads\/2024\/07\/joydesign-interieur-brit-hotel-agencement-chambre-bureau-300x225.jpg 300w, https:\/\/joyinterieur.com\/wp-content\/uploads\/2024\/07\/joydesign-interieur-brit-hotel-agencement-chambre-bureau-768x576.jpg 768w\" sizes=\"(max-width: 1024px) 100vw, 1024px\" \/>\t\t\t\t\t\t\t\t\t\t\t\t\t\t\t<\/div>\n\t\t\t\t<\/div>\n\t\t\t\t<\/div>\n\t\t<div class=\"elementor-element elementor-element-04e3df9 e-con-full e-flex e-con e-child\" data-id=\"04e3df9\" data-element_type=\"container\">\n\t\t\t\t<div class=\"elementor-element elementor-element-7fc1a02 elementor-widget elementor-widget-image\" data-id=\"7fc1a02\" data-element_type=\"widget\" data-widget_type=\"image.default\">\n\t\t\t\t<div class=\"elementor-widget-container\">\n\t\t\t\t\t\t\t\t\t\t\t\t\t\t\t<img decoding=\"async\" width=\"1024\" height=\"768\" src=\"https:\/\/joyinterieur.com\/wp-content\/uploads\/2024\/07\/joydesign-interieur-brit-hotel-spa.jpg\" class=\"attachment-large size-large wp-image-3462\" alt=\"Piscine int\u00e9rieure du Brit H\u00f4tel, con\u00e7ue par JoyDesign Int\u00e9rieur.\" srcset=\"https:\/\/joyinterieur.com\/wp-content\/uploads\/2024\/07\/joydesign-interieur-brit-hotel-spa.jpg 1024w, https:\/\/joyinterieur.com\/wp-content\/uploads\/2024\/07\/joydesign-interieur-brit-hotel-spa-300x225.jpg 300w, https:\/\/joyinterieur.com\/wp-content\/uploads\/2024\/07\/joydesign-interieur-brit-hotel-spa-768x576.jpg 768w\" sizes=\"(max-width: 1024px) 100vw, 1024px\" \/>\t\t\t\t\t\t\t\t\t\t\t\t\t\t\t<\/div>\n\t\t\t\t<\/div>\n\t\t\t\t<\/div>\n\t\t<div class=\"elementor-element elementor-element-36b838f e-con-full e-flex e-con e-child\" data-id=\"36b838f\" data-element_type=\"container\">\n\t\t\t\t<div class=\"elementor-element elementor-element-36a9ce6 elementor-widget elementor-widget-image\" data-id=\"36a9ce6\" data-element_type=\"widget\" data-widget_type=\"image.default\">\n\t\t\t\t<div class=\"elementor-widget-container\">\n\t\t\t\t\t\t\t\t\t\t\t\t\t\t\t<img loading=\"lazy\" decoding=\"async\" width=\"1024\" height=\"768\" src=\"https:\/\/joyinterieur.com\/wp-content\/uploads\/2024\/07\/joydesign-interieur-brit-hotel-chambre-1.jpg\" class=\"attachment-large size-large wp-image-3537\" alt=\"Chambre d&#039;h\u00f4tel moderne et spacieuse avec coin salon, con\u00e7ue par JoyDesign Int\u00e9rieur pour le Brit H\u00f4tel.\" \/>\t\t\t\t\t\t\t\t\t\t\t\t\t\t\t<\/div>\n\t\t\t\t<\/div>\n\t\t\t\t<\/div>\n\t\t\t\t\t<\/div>\n\t\t\t\t<\/div>\n\t\t<div class=\"elementor-element elementor-element-009fe57 e-flex e-con-boxed e-con e-parent\" data-id=\"009fe57\" data-element_type=\"container\">\n\t\t\t\t\t<div class=\"e-con-inner\">\n\t\t<div class=\"elementor-element elementor-element-bca8a90 e-con-full e-flex e-con e-child\" data-id=\"bca8a90\" data-element_type=\"container\">\n\t\t\t\t<div class=\"elementor-element elementor-element-091b0ba elementor-widget elementor-widget-image\" data-id=\"091b0ba\" data-element_type=\"widget\" data-widget_type=\"image.default\">\n\t\t\t\t<div class=\"elementor-widget-container\">\n\t\t\t\t\t\t\t\t\t\t\t\t\t\t\t<img loading=\"lazy\" decoding=\"async\" width=\"1024\" height=\"683\" src=\"https:\/\/joyinterieur.com\/wp-content\/uploads\/2024\/07\/joydesign-interieur-brit-hotel-detente-commun.jpg\" class=\"attachment-large size-large wp-image-3466\" alt=\"Salon moderne et accueillant du Brit H\u00f4tel, con\u00e7u par JoyDesign Int\u00e9rieur.\" srcset=\"https:\/\/joyinterieur.com\/wp-content\/uploads\/2024\/07\/joydesign-interieur-brit-hotel-detente-commun.jpg 1024w, https:\/\/joyinterieur.com\/wp-content\/uploads\/2024\/07\/joydesign-interieur-brit-hotel-detente-commun-300x200.jpg 300w, https:\/\/joyinterieur.com\/wp-content\/uploads\/2024\/07\/joydesign-interieur-brit-hotel-detente-commun-768x512.jpg 768w\" sizes=\"(max-width: 1024px) 100vw, 1024px\" \/>\t\t\t\t\t\t\t\t\t\t\t\t\t\t\t<\/div>\n\t\t\t\t<\/div>\n\t\t\t\t<\/div>\n\t\t<div class=\"elementor-element elementor-element-1c6ccd4 e-con-full e-flex e-con e-child\" data-id=\"1c6ccd4\" data-element_type=\"container\">\n\t\t\t\t<div class=\"elementor-element elementor-element-1a5939f elementor-widget elementor-widget-image\" data-id=\"1a5939f\" data-element_type=\"widget\" data-widget_type=\"image.default\">\n\t\t\t\t<div class=\"elementor-widget-container\">\n\t\t\t\t\t\t\t\t\t\t\t\t\t\t\t<img loading=\"lazy\" decoding=\"async\" width=\"1024\" height=\"683\" src=\"https:\/\/joyinterieur.com\/wp-content\/uploads\/2024\/07\/joydesign-interieur-brit-hotel-salon-commun.jpg\" class=\"attachment-large size-large wp-image-3461\" alt=\"Salon commun du Brit H\u00f4tel, con\u00e7u par JoyDesign Int\u00e9rieur.\" srcset=\"https:\/\/joyinterieur.com\/wp-content\/uploads\/2024\/07\/joydesign-interieur-brit-hotel-salon-commun.jpg 1024w, https:\/\/joyinterieur.com\/wp-content\/uploads\/2024\/07\/joydesign-interieur-brit-hotel-salon-commun-300x200.jpg 300w, https:\/\/joyinterieur.com\/wp-content\/uploads\/2024\/07\/joydesign-interieur-brit-hotel-salon-commun-768x512.jpg 768w\" sizes=\"(max-width: 1024px) 100vw, 1024px\" \/>\t\t\t\t\t\t\t\t\t\t\t\t\t\t\t<\/div>\n\t\t\t\t<\/div>\n\t\t\t\t<\/div>\n\t\t<div class=\"elementor-element elementor-element-97aaf46 e-con-full e-flex e-con e-child\" data-id=\"97aaf46\" data-element_type=\"container\">\n\t\t\t\t<div class=\"elementor-element elementor-element-3d28593 elementor-widget elementor-widget-image\" data-id=\"3d28593\" data-element_type=\"widget\" data-widget_type=\"image.default\">\n\t\t\t\t<div class=\"elementor-widget-container\">\n\t\t\t\t\t\t\t\t\t\t\t\t\t\t\t<img loading=\"lazy\" decoding=\"async\" width=\"1024\" height=\"683\" src=\"https:\/\/joyinterieur.com\/wp-content\/uploads\/2024\/07\/joydesign-interieur-brit-hotel-desk-accueil.jpg\" class=\"attachment-large size-large wp-image-3465\" alt=\"R\u00e9ception moderne et lumineuse du Brit H\u00f4tel, con\u00e7ue par JoyDesign Int\u00e9rieur.\" srcset=\"https:\/\/joyinterieur.com\/wp-content\/uploads\/2024\/07\/joydesign-interieur-brit-hotel-desk-accueil.jpg 1024w, https:\/\/joyinterieur.com\/wp-content\/uploads\/2024\/07\/joydesign-interieur-brit-hotel-desk-accueil-300x200.jpg 300w, https:\/\/joyinterieur.com\/wp-content\/uploads\/2024\/07\/joydesign-interieur-brit-hotel-desk-accueil-768x512.jpg 768w\" sizes=\"(max-width: 1024px) 100vw, 1024px\" \/>\t\t\t\t\t\t\t\t\t\t\t\t\t\t\t<\/div>\n\t\t\t\t<\/div>\n\t\t\t\t<\/div>\n\t\t<div class=\"elementor-element elementor-element-0ff6c70 e-con-full e-flex e-con e-child\" data-id=\"0ff6c70\" data-element_type=\"container\">\n\t\t\t\t<div class=\"elementor-element elementor-element-2abae52 elementor-widget elementor-widget-image\" data-id=\"2abae52\" data-element_type=\"widget\" data-widget_type=\"image.default\">\n\t\t\t\t<div class=\"elementor-widget-container\">\n\t\t\t\t\t\t\t\t\t\t\t\t\t\t\t<img loading=\"lazy\" decoding=\"async\" width=\"1024\" height=\"683\" src=\"https:\/\/joyinterieur.com\/wp-content\/uploads\/2024\/07\/joydesign-interieur-brit-hotel-salle-dejeuner.jpg\" class=\"attachment-large size-large wp-image-3468\" alt=\"Buffet de la salle de petit d\u00e9jeuner du Brit H\u00f4tel, con\u00e7u par JoyDesign Int\u00e9rieur.\" srcset=\"https:\/\/joyinterieur.com\/wp-content\/uploads\/2024\/07\/joydesign-interieur-brit-hotel-salle-dejeuner.jpg 1024w, https:\/\/joyinterieur.com\/wp-content\/uploads\/2024\/07\/joydesign-interieur-brit-hotel-salle-dejeuner-300x200.jpg 300w, https:\/\/joyinterieur.com\/wp-content\/uploads\/2024\/07\/joydesign-interieur-brit-hotel-salle-dejeuner-768x512.jpg 768w\" sizes=\"(max-width: 1024px) 100vw, 1024px\" \/>\t\t\t\t\t\t\t\t\t\t\t\t\t\t\t<\/div>\n\t\t\t\t<\/div>\n\t\t\t\t<\/div>\n\t\t\t\t\t<\/div>\n\t\t\t\t<\/div>\n\t\t\t\t<\/div>\n\t\t","protected":false},"excerpt":{"rendered":"<p>Brit H\u00f4tel Nous avions pour mission de revoir l\u2019ensemble de la distribution, de r\u00e9implanter les espaces n\u00e9cessaires \u00e0 l\u2019activit\u00e9 et de revoir l\u2019ensemble de la d\u00e9coration et de l\u2019am\u00e9nagement. Les espaces \u00e0 concevoir \u00e9taient l\u2019accueil, le bar, l\u2019espace salon, les salles de r\u00e9union, une salle de petit d\u00e9jeuner et quelques suites. Lieu : Foug\u00e8res Ann\u00e9e [&hellip;]<\/p>\n","protected":false},"author":2,"featured_media":0,"parent":0,"menu_order":0,"comment_status":"closed","ping_status":"closed","template":"","meta":{"_acf_changed":false,"_uag_custom_page_level_css":"","ocean_post_layout":"","ocean_both_sidebars_style":"","ocean_both_sidebars_content_width":0,"ocean_both_sidebars_sidebars_width":0,"ocean_sidebar":"","ocean_second_sidebar":"","ocean_disable_margins":"enable","ocean_add_body_class":"","ocean_shortcode_before_top_bar":"","ocean_shortcode_after_top_bar":"","ocean_shortcode_before_header":"","ocean_shortcode_after_header":"","ocean_has_shortcode":"","ocean_shortcode_after_title":"","ocean_shortcode_before_footer_widgets":"","ocean_shortcode_after_footer_widgets":"","ocean_shortcode_before_footer_bottom":"","ocean_shortcode_after_footer_bottom":"","ocean_display_top_bar":"default","ocean_display_header":"default","ocean_header_style":"","ocean_center_header_left_menu":"","ocean_custom_header_template":"","ocean_custom_logo":0,"ocean_custom_retina_logo":0,"ocean_custom_logo_max_width":0,"ocean_custom_logo_tablet_max_width":0,"ocean_custom_logo_mobile_max_width":0,"ocean_custom_logo_max_height":0,"ocean_custom_logo_tablet_max_height":0,"ocean_custom_logo_mobile_max_height":0,"ocean_header_custom_menu":"","ocean_menu_typo_font_family":"","ocean_menu_typo_font_subset":"","ocean_menu_typo_font_size":0,"ocean_menu_typo_font_size_tablet":0,"ocean_menu_typo_font_size_mobile":0,"ocean_menu_typo_font_size_unit":"px","ocean_menu_typo_font_weight":"","ocean_menu_typo_font_weight_tablet":"","ocean_menu_typo_font_weight_mobile":"","ocean_menu_typo_transform":"","ocean_menu_typo_transform_tablet":"","ocean_menu_typo_transform_mobile":"","ocean_menu_typo_line_height":0,"ocean_menu_typo_line_height_tablet":0,"ocean_menu_typo_line_height_mobile":0,"ocean_menu_typo_line_height_unit":"","ocean_menu_typo_spacing":0,"ocean_menu_typo_spacing_tablet":0,"ocean_menu_typo_spacing_mobile":0,"ocean_menu_typo_spacing_unit":"","ocean_menu_link_color":"","ocean_menu_link_color_hover":"","ocean_menu_link_color_active":"","ocean_menu_link_background":"","ocean_menu_link_hover_background":"","ocean_menu_link_active_background":"","ocean_menu_social_links_bg":"","ocean_menu_social_hover_links_bg":"","ocean_menu_social_links_color":"","ocean_menu_social_hover_links_color":"","ocean_disable_title":"default","ocean_disable_heading":"default","ocean_post_title":"","ocean_post_subheading":"","ocean_post_title_style":"","ocean_post_title_background_color":"","ocean_post_title_background":0,"ocean_post_title_bg_image_position":"","ocean_post_title_bg_image_attachment":"","ocean_post_title_bg_image_repeat":"","ocean_post_title_bg_image_size":"","ocean_post_title_height":0,"ocean_post_title_bg_overlay":0.5,"ocean_post_title_bg_overlay_color":"","ocean_disable_breadcrumbs":"default","ocean_breadcrumbs_color":"","ocean_breadcrumbs_separator_color":"","ocean_breadcrumbs_links_color":"","ocean_breadcrumbs_links_hover_color":"","ocean_display_footer_widgets":"default","ocean_display_footer_bottom":"default","ocean_custom_footer_template":"","footnotes":""},"acf":[],"yoast_head":"<!-- This site is optimized with the Yoast SEO plugin v22.9 - https:\/\/yoast.com\/wordpress\/plugins\/seo\/ -->\n<title>Brit H\u00f4tel - Joydesign int\u00e9rieur<\/title>\n<meta name=\"robots\" content=\"index, follow, max-snippet:-1, max-image-preview:large, max-video-preview:-1\" \/>\n<link rel=\"canonical\" href=\"https:\/\/joyinterieur.com\/?page_id=3427\" \/>\n<meta property=\"og:locale\" content=\"fr_FR\" \/>\n<meta property=\"og:type\" content=\"article\" \/>\n<meta property=\"og:title\" content=\"Brit H\u00f4tel - Joydesign int\u00e9rieur\" \/>\n<meta property=\"og:description\" content=\"Brit H\u00f4tel Nous avions pour mission de revoir l\u2019ensemble de la distribution, de r\u00e9implanter les espaces n\u00e9cessaires \u00e0 l\u2019activit\u00e9 et de revoir l\u2019ensemble de la d\u00e9coration et de l\u2019am\u00e9nagement. Les espaces \u00e0 concevoir \u00e9taient l\u2019accueil, le bar, l\u2019espace salon, les salles de r\u00e9union, une salle de petit d\u00e9jeuner et quelques suites. Lieu : Foug\u00e8res Ann\u00e9e [&hellip;]\" \/>\n<meta property=\"og:url\" content=\"https:\/\/joyinterieur.com\/?page_id=3427\" \/>\n<meta property=\"og:site_name\" content=\"Joydesign int\u00e9rieur\" \/>\n<meta property=\"article:modified_time\" content=\"2024-07-02T16:05:25+00:00\" \/>\n<meta property=\"og:image\" content=\"https:\/\/joyinterieur.com\/wp-content\/uploads\/2024\/07\/joydesign-interieur-brit-hotel-tete-de-lit-768x576.jpg\" \/>\n<meta name=\"twitter:card\" content=\"summary_large_image\" \/>\n<meta name=\"twitter:label1\" content=\"Dur\u00e9e de lecture estim\u00e9e\" \/>\n\t<meta name=\"twitter:data1\" content=\"2 minutes\" \/>\n<script type=\"application\/ld+json\" class=\"yoast-schema-graph\">{\"@context\":\"https:\/\/schema.org\",\"@graph\":[{\"@type\":\"WebPage\",\"@id\":\"https:\/\/joyinterieur.com\/?page_id=3427\",\"url\":\"https:\/\/joyinterieur.com\/?page_id=3427\",\"name\":\"Brit H\u00f4tel - Joydesign int\u00e9rieur\",\"isPartOf\":{\"@id\":\"https:\/\/joyinterieur.com\/#website\"},\"primaryImageOfPage\":{\"@id\":\"https:\/\/joyinterieur.com\/?page_id=3427#primaryimage\"},\"image\":{\"@id\":\"https:\/\/joyinterieur.com\/?page_id=3427#primaryimage\"},\"thumbnailUrl\":\"https:\/\/joyinterieur.com\/wp-content\/uploads\/2024\/07\/joydesign-interieur-brit-hotel-tete-de-lit-768x576.jpg\",\"datePublished\":\"2024-07-02T08:38:13+00:00\",\"dateModified\":\"2024-07-02T16:05:25+00:00\",\"breadcrumb\":{\"@id\":\"https:\/\/joyinterieur.com\/?page_id=3427#breadcrumb\"},\"inLanguage\":\"fr-FR\",\"potentialAction\":[{\"@type\":\"ReadAction\",\"target\":[\"https:\/\/joyinterieur.com\/?page_id=3427\"]}]},{\"@type\":\"ImageObject\",\"inLanguage\":\"fr-FR\",\"@id\":\"https:\/\/joyinterieur.com\/?page_id=3427#primaryimage\",\"url\":\"https:\/\/joyinterieur.com\/wp-content\/uploads\/2024\/07\/joydesign-interieur-brit-hotel-tete-de-lit.jpg\",\"contentUrl\":\"https:\/\/joyinterieur.com\/wp-content\/uploads\/2024\/07\/joydesign-interieur-brit-hotel-tete-de-lit.jpg\",\"width\":800,\"height\":600,\"caption\":\"T\u00eate de lit lumineuse et \u00e9l\u00e9gante avec un d\u00e9cor de for\u00eat, r\u00e9alis\u00e9e par JoyDesign Int\u00e9rieur pour le Brit H\u00f4tel.\"},{\"@type\":\"BreadcrumbList\",\"@id\":\"https:\/\/joyinterieur.com\/?page_id=3427#breadcrumb\",\"itemListElement\":[{\"@type\":\"ListItem\",\"position\":1,\"name\":\"Accueil\",\"item\":\"https:\/\/joyinterieur.com\/\"},{\"@type\":\"ListItem\",\"position\":2,\"name\":\"Brit H\u00f4tel\"}]},{\"@type\":\"WebSite\",\"@id\":\"https:\/\/joyinterieur.com\/#website\",\"url\":\"https:\/\/joyinterieur.com\/\",\"name\":\"Joydesign int\u00e9rieur\",\"description\":\"\",\"publisher\":{\"@id\":\"https:\/\/joyinterieur.com\/#organization\"},\"alternateName\":\"Joydesign int\u00e9rieur\",\"potentialAction\":[{\"@type\":\"SearchAction\",\"target\":{\"@type\":\"EntryPoint\",\"urlTemplate\":\"https:\/\/joyinterieur.com\/?s={search_term_string}\"},\"query-input\":\"required name=search_term_string\"}],\"inLanguage\":\"fr-FR\"},{\"@type\":\"Organization\",\"@id\":\"https:\/\/joyinterieur.com\/#organization\",\"name\":\"Joydesign interieur\",\"alternateName\":\"Joydesign interieur\",\"url\":\"https:\/\/joyinterieur.com\/\",\"logo\":{\"@type\":\"ImageObject\",\"inLanguage\":\"fr-FR\",\"@id\":\"https:\/\/joyinterieur.com\/#\/schema\/logo\/image\/\",\"url\":\"https:\/\/joyinterieur.com\/wp-content\/uploads\/2024\/06\/LOGO_NOIR.png\",\"contentUrl\":\"https:\/\/joyinterieur.com\/wp-content\/uploads\/2024\/06\/LOGO_NOIR.png\",\"width\":1900,\"height\":682,\"caption\":\"Joydesign interieur\"},\"image\":{\"@id\":\"https:\/\/joyinterieur.com\/#\/schema\/logo\/image\/\"},\"sameAs\":[\"https:\/\/www.instagram.com\/joydesigninterieur\/\",\"https:\/\/www.linkedin.com\/company\/joydesigninterieur\/?viewAsMember=true\"]}]}<\/script>\n<!-- \/ Yoast SEO plugin. -->","yoast_head_json":{"title":"Brit H\u00f4tel - Joydesign int\u00e9rieur","robots":{"index":"index","follow":"follow","max-snippet":"max-snippet:-1","max-image-preview":"max-image-preview:large","max-video-preview":"max-video-preview:-1"},"canonical":"https:\/\/joyinterieur.com\/?page_id=3427","og_locale":"fr_FR","og_type":"article","og_title":"Brit H\u00f4tel - Joydesign int\u00e9rieur","og_description":"Brit H\u00f4tel Nous avions pour mission de revoir l\u2019ensemble de la distribution, de r\u00e9implanter les espaces n\u00e9cessaires \u00e0 l\u2019activit\u00e9 et de revoir l\u2019ensemble de la d\u00e9coration et de l\u2019am\u00e9nagement. Les espaces \u00e0 concevoir \u00e9taient l\u2019accueil, le bar, l\u2019espace salon, les salles de r\u00e9union, une salle de petit d\u00e9jeuner et quelques suites. Lieu : Foug\u00e8res Ann\u00e9e [&hellip;]","og_url":"https:\/\/joyinterieur.com\/?page_id=3427","og_site_name":"Joydesign int\u00e9rieur","article_modified_time":"2024-07-02T16:05:25+00:00","og_image":[{"url":"https:\/\/joyinterieur.com\/wp-content\/uploads\/2024\/07\/joydesign-interieur-brit-hotel-tete-de-lit-768x576.jpg"}],"twitter_card":"summary_large_image","twitter_misc":{"Dur\u00e9e de lecture estim\u00e9e":"2 minutes"},"schema":{"@context":"https:\/\/schema.org","@graph":[{"@type":"WebPage","@id":"https:\/\/joyinterieur.com\/?page_id=3427","url":"https:\/\/joyinterieur.com\/?page_id=3427","name":"Brit H\u00f4tel - Joydesign int\u00e9rieur","isPartOf":{"@id":"https:\/\/joyinterieur.com\/#website"},"primaryImageOfPage":{"@id":"https:\/\/joyinterieur.com\/?page_id=3427#primaryimage"},"image":{"@id":"https:\/\/joyinterieur.com\/?page_id=3427#primaryimage"},"thumbnailUrl":"https:\/\/joyinterieur.com\/wp-content\/uploads\/2024\/07\/joydesign-interieur-brit-hotel-tete-de-lit-768x576.jpg","datePublished":"2024-07-02T08:38:13+00:00","dateModified":"2024-07-02T16:05:25+00:00","breadcrumb":{"@id":"https:\/\/joyinterieur.com\/?page_id=3427#breadcrumb"},"inLanguage":"fr-FR","potentialAction":[{"@type":"ReadAction","target":["https:\/\/joyinterieur.com\/?page_id=3427"]}]},{"@type":"ImageObject","inLanguage":"fr-FR","@id":"https:\/\/joyinterieur.com\/?page_id=3427#primaryimage","url":"https:\/\/joyinterieur.com\/wp-content\/uploads\/2024\/07\/joydesign-interieur-brit-hotel-tete-de-lit.jpg","contentUrl":"https:\/\/joyinterieur.com\/wp-content\/uploads\/2024\/07\/joydesign-interieur-brit-hotel-tete-de-lit.jpg","width":800,"height":600,"caption":"T\u00eate de lit lumineuse et \u00e9l\u00e9gante avec un d\u00e9cor de for\u00eat, r\u00e9alis\u00e9e par JoyDesign Int\u00e9rieur pour le Brit H\u00f4tel."},{"@type":"BreadcrumbList","@id":"https:\/\/joyinterieur.com\/?page_id=3427#breadcrumb","itemListElement":[{"@type":"ListItem","position":1,"name":"Accueil","item":"https:\/\/joyinterieur.com\/"},{"@type":"ListItem","position":2,"name":"Brit H\u00f4tel"}]},{"@type":"WebSite","@id":"https:\/\/joyinterieur.com\/#website","url":"https:\/\/joyinterieur.com\/","name":"Joydesign int\u00e9rieur","description":"","publisher":{"@id":"https:\/\/joyinterieur.com\/#organization"},"alternateName":"Joydesign int\u00e9rieur","potentialAction":[{"@type":"SearchAction","target":{"@type":"EntryPoint","urlTemplate":"https:\/\/joyinterieur.com\/?s={search_term_string}"},"query-input":"required name=search_term_string"}],"inLanguage":"fr-FR"},{"@type":"Organization","@id":"https:\/\/joyinterieur.com\/#organization","name":"Joydesign interieur","alternateName":"Joydesign interieur","url":"https:\/\/joyinterieur.com\/","logo":{"@type":"ImageObject","inLanguage":"fr-FR","@id":"https:\/\/joyinterieur.com\/#\/schema\/logo\/image\/","url":"https:\/\/joyinterieur.com\/wp-content\/uploads\/2024\/06\/LOGO_NOIR.png","contentUrl":"https:\/\/joyinterieur.com\/wp-content\/uploads\/2024\/06\/LOGO_NOIR.png","width":1900,"height":682,"caption":"Joydesign interieur"},"image":{"@id":"https:\/\/joyinterieur.com\/#\/schema\/logo\/image\/"},"sameAs":["https:\/\/www.instagram.com\/joydesigninterieur\/","https:\/\/www.linkedin.com\/company\/joydesigninterieur\/?viewAsMember=true"]}]}},"uagb_featured_image_src":{"full":false,"thumbnail":false,"medium":false,"medium_large":false,"large":false,"1536x1536":false,"2048x2048":false,"ocean-thumb-m":false,"ocean-thumb-ml":false,"ocean-thumb-l":false},"uagb_author_info":{"display_name":"marie","author_link":"https:\/\/joyinterieur.com\/?author=2"},"uagb_comment_info":0,"uagb_excerpt":"Brit H\u00f4tel Nous avions pour mission de revoir l\u2019ensemble de la distribution, de r\u00e9implanter les espaces n\u00e9cessaires \u00e0 l\u2019activit\u00e9 et de revoir l\u2019ensemble de la d\u00e9coration et de l\u2019am\u00e9nagement. Les espaces \u00e0 concevoir \u00e9taient l\u2019accueil, le bar, l\u2019espace salon, les salles de r\u00e9union, une salle de petit d\u00e9jeuner et quelques suites. Lieu : Foug\u00e8res Ann\u00e9e\u2026","_links":{"self":[{"href":"https:\/\/joyinterieur.com\/index.php?rest_route=\/wp\/v2\/pages\/3427"}],"collection":[{"href":"https:\/\/joyinterieur.com\/index.php?rest_route=\/wp\/v2\/pages"}],"about":[{"href":"https:\/\/joyinterieur.com\/index.php?rest_route=\/wp\/v2\/types\/page"}],"author":[{"embeddable":true,"href":"https:\/\/joyinterieur.com\/index.php?rest_route=\/wp\/v2\/users\/2"}],"replies":[{"embeddable":true,"href":"https:\/\/joyinterieur.com\/index.php?rest_route=%2Fwp%2Fv2%2Fcomments&post=3427"}],"version-history":[{"count":10,"href":"https:\/\/joyinterieur.com\/index.php?rest_route=\/wp\/v2\/pages\/3427\/revisions"}],"predecessor-version":[{"id":3826,"href":"https:\/\/joyinterieur.com\/index.php?rest_route=\/wp\/v2\/pages\/3427\/revisions\/3826"}],"wp:attachment":[{"href":"https:\/\/joyinterieur.com\/index.php?rest_route=%2Fwp%2Fv2%2Fmedia&parent=3427"}],"curies":[{"name":"wp","href":"https:\/\/api.w.org\/{rel}","templated":true}]}}