{"id":2981,"date":"2024-06-26T17:27:12","date_gmt":"2024-06-26T15:27:12","guid":{"rendered":"https:\/\/joyinterieur.com\/?page_id=2981"},"modified":"2024-07-31T11:52:12","modified_gmt":"2024-07-31T09:52:12","slug":"cafes-hotels-restaurants","status":"publish","type":"page","link":"https:\/\/joyinterieur.com\/?page_id=2981","title":{"rendered":"Caf\u00e9s H\u00f4tels Restaurants"},"content":{"rendered":"\t\t<div data-elementor-type=\"wp-page\" data-elementor-id=\"2981\" class=\"elementor elementor-2981\">\n\t\t\t\t<div class=\"elementor-element elementor-element-b20b4c3 e-flex e-con-boxed e-con e-parent\" data-id=\"b20b4c3\" data-element_type=\"container\">\n\t\t\t\t\t<div class=\"e-con-inner\">\n\t\t<div class=\"elementor-element elementor-element-306390d e-con-full e-flex e-con e-child\" data-id=\"306390d\" data-element_type=\"container\">\n\t\t<div class=\"elementor-element elementor-element-0987d91 e-con-full e-flex e-con e-child\" data-id=\"0987d91\" data-element_type=\"container\">\n\t\t\t\t<div class=\"elementor-element elementor-element-c61887f elementor-widget elementor-widget-image\" data-id=\"c61887f\" data-element_type=\"widget\" data-widget_type=\"image.default\">\n\t\t\t\t<div class=\"elementor-widget-container\">\n\t\t\t\t\t\t\t\t\t\t\t\t<figure class=\"wp-caption\">\n\t\t\t\t\t\t\t\t\t\t\t<a href=\"https:\/\/joyinterieur.com\/?page_id=3369\">\n\t\t\t\t\t\t\t<img fetchpriority=\"high\" decoding=\"async\" width=\"1024\" height=\"683\" src=\"https:\/\/joyinterieur.com\/wp-content\/uploads\/2024\/07\/joydesign-interieur-restaurant-latre-entree-1024x683.jpg\" class=\"attachment-large size-large wp-image-3496\" alt=\"Int\u00e9rieur du restaurant L&#039;\u00c2tre \u00e0 Rennes avec des tons chauds et un plafond en acier corten, con\u00e7u par JoyDesign Int\u00e9rieur pour \u00e9voquer la chaleur des flammes.\" srcset=\"https:\/\/joyinterieur.com\/wp-content\/uploads\/2024\/07\/joydesign-interieur-restaurant-latre-entree-1024x683.jpg 1024w, https:\/\/joyinterieur.com\/wp-content\/uploads\/2024\/07\/joydesign-interieur-restaurant-latre-entree-300x200.jpg 300w, https:\/\/joyinterieur.com\/wp-content\/uploads\/2024\/07\/joydesign-interieur-restaurant-latre-entree-768x513.jpg 768w, https:\/\/joyinterieur.com\/wp-content\/uploads\/2024\/07\/joydesign-interieur-restaurant-latre-entree-1536x1025.jpg 1536w, https:\/\/joyinterieur.com\/wp-content\/uploads\/2024\/07\/joydesign-interieur-restaurant-latre-entree.jpg 1900w\" sizes=\"(max-width: 1024px) 100vw, 1024px\" \/>\t\t\t\t\t\t\t\t<\/a>\n\t\t\t\t\t\t\t\t\t\t\t<figcaption class=\"widget-image-caption wp-caption-text\">RESTAURANT L'\u00c2TRE<\/figcaption>\n\t\t\t\t\t\t\t\t\t\t<\/figure>\n\t\t\t\t\t\t\t\t\t<\/div>\n\t\t\t\t<\/div>\n\t\t\t\t<\/div>\n\t\t<div class=\"elementor-element elementor-element-c49f530 e-con-full e-flex e-con e-child\" data-id=\"c49f530\" data-element_type=\"container\">\n\t\t\t\t<div class=\"elementor-element elementor-element-7712591 elementor-widget elementor-widget-image\" data-id=\"7712591\" data-element_type=\"widget\" data-widget_type=\"image.default\">\n\t\t\t\t<div class=\"elementor-widget-container\">\n\t\t\t\t\t\t\t\t\t\t\t\t<figure class=\"wp-caption\">\n\t\t\t\t\t\t\t\t\t\t\t<a href=\"https:\/\/joyinterieur.com\/?page_id=4069\">\n\t\t\t\t\t\t\t<img decoding=\"async\" width=\"768\" height=\"1024\" src=\"https:\/\/joyinterieur.com\/wp-content\/uploads\/2024\/07\/newdeco-jardin-de-quercus-chambre-tropical-kaki-vert-768x1024.jpeg\" class=\"attachment-large size-large wp-image-4057\" alt=\"Chambre avec poutres en bois apparentes, d\u00e9cor\u00e9e avec une fresque murale tropicale et des accents verts.\" srcset=\"https:\/\/joyinterieur.com\/wp-content\/uploads\/2024\/07\/newdeco-jardin-de-quercus-chambre-tropical-kaki-vert-768x1024.jpeg 768w, https:\/\/joyinterieur.com\/wp-content\/uploads\/2024\/07\/newdeco-jardin-de-quercus-chambre-tropical-kaki-vert-225x300.jpeg 225w, https:\/\/joyinterieur.com\/wp-content\/uploads\/2024\/07\/newdeco-jardin-de-quercus-chambre-tropical-kaki-vert-1152x1536.jpeg 1152w, https:\/\/joyinterieur.com\/wp-content\/uploads\/2024\/07\/newdeco-jardin-de-quercus-chambre-tropical-kaki-vert.jpeg 1200w\" sizes=\"(max-width: 768px) 100vw, 768px\" \/>\t\t\t\t\t\t\t\t<\/a>\n\t\t\t\t\t\t\t\t\t\t\t<figcaption class=\"widget-image-caption wp-caption-text\">LE JARDIN DE QUERCUS<\/figcaption>\n\t\t\t\t\t\t\t\t\t\t<\/figure>\n\t\t\t\t\t\t\t\t\t<\/div>\n\t\t\t\t<\/div>\n\t\t\t\t<\/div>\n\t\t<div class=\"elementor-element elementor-element-feeefa6 e-con-full e-flex e-con e-child\" data-id=\"feeefa6\" data-element_type=\"container\">\n\t\t\t\t<div class=\"elementor-element elementor-element-9bcbd94 elementor-widget elementor-widget-image\" data-id=\"9bcbd94\" data-element_type=\"widget\" data-widget_type=\"image.default\">\n\t\t\t\t<div class=\"elementor-widget-container\">\n\t\t\t\t\t\t\t\t\t\t\t\t<figure class=\"wp-caption\">\n\t\t\t\t\t\t\t\t\t\t\t<a href=\"https:\/\/joyinterieur.com\/?page_id=3393\">\n\t\t\t\t\t\t\t<img decoding=\"async\" width=\"1024\" height=\"683\" src=\"https:\/\/joyinterieur.com\/wp-content\/uploads\/2024\/07\/hotel-tregastel-bar-detente-1024x683.jpg\" class=\"attachment-large size-large wp-image-3431\" alt=\"Espace bar et d\u00e9tente r\u00e9nov\u00e9 d&#039;un h\u00f4tel des ann\u00e9es 30 avec une palette de couleurs domin\u00e9e par le rose et des sols en damier, con\u00e7u par JoyDesign Int\u00e9rieur.\" srcset=\"https:\/\/joyinterieur.com\/wp-content\/uploads\/2024\/07\/hotel-tregastel-bar-detente-1024x683.jpg 1024w, https:\/\/joyinterieur.com\/wp-content\/uploads\/2024\/07\/hotel-tregastel-bar-detente-300x200.jpg 300w, https:\/\/joyinterieur.com\/wp-content\/uploads\/2024\/07\/hotel-tregastel-bar-detente-768x512.jpg 768w, https:\/\/joyinterieur.com\/wp-content\/uploads\/2024\/07\/hotel-tregastel-bar-detente-1536x1024.jpg 1536w, https:\/\/joyinterieur.com\/wp-content\/uploads\/2024\/07\/hotel-tregastel-bar-detente.jpg 1900w\" sizes=\"(max-width: 1024px) 100vw, 1024px\" \/>\t\t\t\t\t\t\t\t<\/a>\n\t\t\t\t\t\t\t\t\t\t\t<figcaption class=\"widget-image-caption wp-caption-text\">PARK H\u00d4TEL BELLEVUE<\/figcaption>\n\t\t\t\t\t\t\t\t\t\t<\/figure>\n\t\t\t\t\t\t\t\t\t<\/div>\n\t\t\t\t<\/div>\n\t\t\t\t<\/div>\n\t\t\t\t<\/div>\n\t\t<div class=\"elementor-element elementor-element-57bb97c e-con-full e-flex e-con e-child\" data-id=\"57bb97c\" data-element_type=\"container\">\n\t\t<div class=\"elementor-element elementor-element-14052e4 e-con-full e-flex e-con e-child\" data-id=\"14052e4\" data-element_type=\"container\">\n\t\t\t\t<div class=\"elementor-element elementor-element-b868b1f elementor-widget elementor-widget-image\" data-id=\"b868b1f\" data-element_type=\"widget\" data-widget_type=\"image.default\">\n\t\t\t\t<div class=\"elementor-widget-container\">\n\t\t\t\t\t\t\t\t\t\t\t\t<figure class=\"wp-caption\">\n\t\t\t\t\t\t\t\t\t\t\t<a href=\"https:\/\/joyinterieur.com\/?page_id=3585\">\n\t\t\t\t\t\t\t<img loading=\"lazy\" decoding=\"async\" width=\"1024\" height=\"768\" src=\"https:\/\/joyinterieur.com\/wp-content\/uploads\/2024\/07\/joydesign-interieur-ville-huchet-bar-1024x768.jpg\" class=\"attachment-large size-large wp-image-3521\" alt=\"Bar accueillant avec des \u00e9l\u00e9ments naturels dans une salle de r\u00e9ception lumineuse.\" srcset=\"https:\/\/joyinterieur.com\/wp-content\/uploads\/2024\/07\/joydesign-interieur-ville-huchet-bar-1024x768.jpg 1024w, https:\/\/joyinterieur.com\/wp-content\/uploads\/2024\/07\/joydesign-interieur-ville-huchet-bar-300x225.jpg 300w, https:\/\/joyinterieur.com\/wp-content\/uploads\/2024\/07\/joydesign-interieur-ville-huchet-bar-768x576.jpg 768w, https:\/\/joyinterieur.com\/wp-content\/uploads\/2024\/07\/joydesign-interieur-ville-huchet-bar-1536x1152.jpg 1536w, https:\/\/joyinterieur.com\/wp-content\/uploads\/2024\/07\/joydesign-interieur-ville-huchet-bar.jpg 1600w\" sizes=\"(max-width: 1024px) 100vw, 1024px\" \/>\t\t\t\t\t\t\t\t<\/a>\n\t\t\t\t\t\t\t\t\t\t\t<figcaption class=\"widget-image-caption wp-caption-text\">DOMAINE DE LA VILLE HUCHET<\/figcaption>\n\t\t\t\t\t\t\t\t\t\t<\/figure>\n\t\t\t\t\t\t\t\t\t<\/div>\n\t\t\t\t<\/div>\n\t\t\t\t<\/div>\n\t\t<div class=\"elementor-element elementor-element-d0f0f56 e-con-full e-flex e-con e-child\" data-id=\"d0f0f56\" data-element_type=\"container\">\n\t\t\t\t<div class=\"elementor-element elementor-element-60ecea5 elementor-widget elementor-widget-image\" data-id=\"60ecea5\" data-element_type=\"widget\" data-widget_type=\"image.default\">\n\t\t\t\t<div class=\"elementor-widget-container\">\n\t\t\t\t\t\t\t\t\t\t\t\t<figure class=\"wp-caption\">\n\t\t\t\t\t\t\t\t\t\t\t<a href=\"https:\/\/joyinterieur.com\/?page_id=3427\">\n\t\t\t\t\t\t\t<img loading=\"lazy\" decoding=\"async\" width=\"1024\" height=\"768\" src=\"https:\/\/joyinterieur.com\/wp-content\/uploads\/2024\/07\/joydesign-interieur-brit-hotel-spa.jpg\" class=\"attachment-large size-large wp-image-3462\" alt=\"Piscine int\u00e9rieure du Brit H\u00f4tel, con\u00e7ue par JoyDesign Int\u00e9rieur.\" srcset=\"https:\/\/joyinterieur.com\/wp-content\/uploads\/2024\/07\/joydesign-interieur-brit-hotel-spa.jpg 1024w, https:\/\/joyinterieur.com\/wp-content\/uploads\/2024\/07\/joydesign-interieur-brit-hotel-spa-300x225.jpg 300w, https:\/\/joyinterieur.com\/wp-content\/uploads\/2024\/07\/joydesign-interieur-brit-hotel-spa-768x576.jpg 768w\" sizes=\"(max-width: 1024px) 100vw, 1024px\" \/>\t\t\t\t\t\t\t\t<\/a>\n\t\t\t\t\t\t\t\t\t\t\t<figcaption class=\"widget-image-caption wp-caption-text\">BRIT H\u00d4TEL<\/figcaption>\n\t\t\t\t\t\t\t\t\t\t<\/figure>\n\t\t\t\t\t\t\t\t\t<\/div>\n\t\t\t\t<\/div>\n\t\t\t\t<\/div>\n\t\t\t\t<\/div>\n\t\t\t\t\t<\/div>\n\t\t\t\t<\/div>\n\t\t\t\t<\/div>\n\t\t","protected":false},"excerpt":{"rendered":"<p>RESTAURANT L&rsquo;\u00c2TRE LE JARDIN DE QUERCUS PARK H\u00d4TEL BELLEVUE DOMAINE DE LA VILLE HUCHET BRIT H\u00d4TEL<\/p>\n","protected":false},"author":2,"featured_media":0,"parent":0,"menu_order":0,"comment_status":"closed","ping_status":"closed","template":"","meta":{"_acf_changed":false,"_uag_custom_page_level_css":"","ocean_post_layout":"","ocean_both_sidebars_style":"","ocean_both_sidebars_content_width":0,"ocean_both_sidebars_sidebars_width":0,"ocean_sidebar":"","ocean_second_sidebar":"","ocean_disable_margins":"enable","ocean_add_body_class":"","ocean_shortcode_before_top_bar":"","ocean_shortcode_after_top_bar":"","ocean_shortcode_before_header":"","ocean_shortcode_after_header":"","ocean_has_shortcode":"","ocean_shortcode_after_title":"","ocean_shortcode_before_footer_widgets":"","ocean_shortcode_after_footer_widgets":"","ocean_shortcode_before_footer_bottom":"","ocean_shortcode_after_footer_bottom":"","ocean_display_top_bar":"default","ocean_display_header":"default","ocean_header_style":"","ocean_center_header_left_menu":"","ocean_custom_header_template":"","ocean_custom_logo":0,"ocean_custom_retina_logo":0,"ocean_custom_logo_max_width":0,"ocean_custom_logo_tablet_max_width":0,"ocean_custom_logo_mobile_max_width":0,"ocean_custom_logo_max_height":0,"ocean_custom_logo_tablet_max_height":0,"ocean_custom_logo_mobile_max_height":0,"ocean_header_custom_menu":"","ocean_menu_typo_font_family":"","ocean_menu_typo_font_subset":"","ocean_menu_typo_font_size":0,"ocean_menu_typo_font_size_tablet":0,"ocean_menu_typo_font_size_mobile":0,"ocean_menu_typo_font_size_unit":"px","ocean_menu_typo_font_weight":"","ocean_menu_typo_font_weight_tablet":"","ocean_menu_typo_font_weight_mobile":"","ocean_menu_typo_transform":"","ocean_menu_typo_transform_tablet":"","ocean_menu_typo_transform_mobile":"","ocean_menu_typo_line_height":0,"ocean_menu_typo_line_height_tablet":0,"ocean_menu_typo_line_height_mobile":0,"ocean_menu_typo_line_height_unit":"","ocean_menu_typo_spacing":0,"ocean_menu_typo_spacing_tablet":0,"ocean_menu_typo_spacing_mobile":0,"ocean_menu_typo_spacing_unit":"","ocean_menu_link_color":"","ocean_menu_link_color_hover":"","ocean_menu_link_color_active":"","ocean_menu_link_background":"","ocean_menu_link_hover_background":"","ocean_menu_link_active_background":"","ocean_menu_social_links_bg":"","ocean_menu_social_hover_links_bg":"","ocean_menu_social_links_color":"","ocean_menu_social_hover_links_color":"","ocean_disable_title":"default","ocean_disable_heading":"default","ocean_post_title":"","ocean_post_subheading":"","ocean_post_title_style":"","ocean_post_title_background_color":"","ocean_post_title_background":0,"ocean_post_title_bg_image_position":"","ocean_post_title_bg_image_attachment":"","ocean_post_title_bg_image_repeat":"","ocean_post_title_bg_image_size":"","ocean_post_title_height":0,"ocean_post_title_bg_overlay":0.5,"ocean_post_title_bg_overlay_color":"","ocean_disable_breadcrumbs":"default","ocean_breadcrumbs_color":"","ocean_breadcrumbs_separator_color":"","ocean_breadcrumbs_links_color":"","ocean_breadcrumbs_links_hover_color":"","ocean_display_footer_widgets":"default","ocean_display_footer_bottom":"default","ocean_custom_footer_template":"","footnotes":""},"acf":[],"yoast_head":"<!-- This site is optimized with the Yoast SEO plugin v22.9 - https:\/\/yoast.com\/wordpress\/plugins\/seo\/ -->\n<title>Caf\u00e9s H\u00f4tels Restaurants - Joydesign int\u00e9rieur<\/title>\n<meta name=\"robots\" content=\"index, follow, max-snippet:-1, max-image-preview:large, max-video-preview:-1\" \/>\n<link rel=\"canonical\" href=\"https:\/\/joyinterieur.com\/?page_id=2981\" \/>\n<meta property=\"og:locale\" content=\"fr_FR\" \/>\n<meta property=\"og:type\" content=\"article\" \/>\n<meta property=\"og:title\" content=\"Caf\u00e9s H\u00f4tels Restaurants - Joydesign int\u00e9rieur\" \/>\n<meta property=\"og:description\" content=\"RESTAURANT L&rsquo;\u00c2TRE LE JARDIN DE QUERCUS PARK H\u00d4TEL BELLEVUE DOMAINE DE LA VILLE HUCHET BRIT H\u00d4TEL\" \/>\n<meta property=\"og:url\" content=\"https:\/\/joyinterieur.com\/?page_id=2981\" \/>\n<meta property=\"og:site_name\" content=\"Joydesign int\u00e9rieur\" \/>\n<meta property=\"article:modified_time\" content=\"2024-07-31T09:52:12+00:00\" \/>\n<meta property=\"og:image\" content=\"https:\/\/joyinterieur.com\/wp-content\/uploads\/2024\/07\/joydesign-interieur-restaurant-latre-entree-1024x683.jpg\" \/>\n<meta name=\"twitter:card\" content=\"summary_large_image\" \/>\n<meta name=\"twitter:label1\" content=\"Dur\u00e9e de lecture estim\u00e9e\" \/>\n\t<meta name=\"twitter:data1\" content=\"2 minutes\" \/>\n<script type=\"application\/ld+json\" class=\"yoast-schema-graph\">{\"@context\":\"https:\/\/schema.org\",\"@graph\":[{\"@type\":\"WebPage\",\"@id\":\"https:\/\/joyinterieur.com\/?page_id=2981\",\"url\":\"https:\/\/joyinterieur.com\/?page_id=2981\",\"name\":\"Caf\u00e9s H\u00f4tels Restaurants - Joydesign int\u00e9rieur\",\"isPartOf\":{\"@id\":\"https:\/\/joyinterieur.com\/#website\"},\"primaryImageOfPage\":{\"@id\":\"https:\/\/joyinterieur.com\/?page_id=2981#primaryimage\"},\"image\":{\"@id\":\"https:\/\/joyinterieur.com\/?page_id=2981#primaryimage\"},\"thumbnailUrl\":\"https:\/\/joyinterieur.com\/wp-content\/uploads\/2024\/07\/joydesign-interieur-restaurant-latre-entree-1024x683.jpg\",\"datePublished\":\"2024-06-26T15:27:12+00:00\",\"dateModified\":\"2024-07-31T09:52:12+00:00\",\"breadcrumb\":{\"@id\":\"https:\/\/joyinterieur.com\/?page_id=2981#breadcrumb\"},\"inLanguage\":\"fr-FR\",\"potentialAction\":[{\"@type\":\"ReadAction\",\"target\":[\"https:\/\/joyinterieur.com\/?page_id=2981\"]}]},{\"@type\":\"ImageObject\",\"inLanguage\":\"fr-FR\",\"@id\":\"https:\/\/joyinterieur.com\/?page_id=2981#primaryimage\",\"url\":\"https:\/\/joyinterieur.com\/wp-content\/uploads\/2024\/07\/joydesign-interieur-restaurant-latre-entree.jpg\",\"contentUrl\":\"https:\/\/joyinterieur.com\/wp-content\/uploads\/2024\/07\/joydesign-interieur-restaurant-latre-entree.jpg\",\"width\":1900,\"height\":1268,\"caption\":\"Restaurant L'\u00c2tre \u00e0 Rennes, con\u00e7u par JoyDesign Int\u00e9rieur, mettant en avant des tons chauds et des mat\u00e9riaux effet acier corten sur le bar et au plafond pour r\u00e9v\u00e9ler la chaleur des flammes.\"},{\"@type\":\"BreadcrumbList\",\"@id\":\"https:\/\/joyinterieur.com\/?page_id=2981#breadcrumb\",\"itemListElement\":[{\"@type\":\"ListItem\",\"position\":1,\"name\":\"Accueil\",\"item\":\"https:\/\/joyinterieur.com\/\"},{\"@type\":\"ListItem\",\"position\":2,\"name\":\"Caf\u00e9s H\u00f4tels Restaurants\"}]},{\"@type\":\"WebSite\",\"@id\":\"https:\/\/joyinterieur.com\/#website\",\"url\":\"https:\/\/joyinterieur.com\/\",\"name\":\"Joydesign int\u00e9rieur\",\"description\":\"\",\"publisher\":{\"@id\":\"https:\/\/joyinterieur.com\/#organization\"},\"alternateName\":\"Joydesign int\u00e9rieur\",\"potentialAction\":[{\"@type\":\"SearchAction\",\"target\":{\"@type\":\"EntryPoint\",\"urlTemplate\":\"https:\/\/joyinterieur.com\/?s={search_term_string}\"},\"query-input\":\"required name=search_term_string\"}],\"inLanguage\":\"fr-FR\"},{\"@type\":\"Organization\",\"@id\":\"https:\/\/joyinterieur.com\/#organization\",\"name\":\"Joydesign interieur\",\"alternateName\":\"Joydesign interieur\",\"url\":\"https:\/\/joyinterieur.com\/\",\"logo\":{\"@type\":\"ImageObject\",\"inLanguage\":\"fr-FR\",\"@id\":\"https:\/\/joyinterieur.com\/#\/schema\/logo\/image\/\",\"url\":\"https:\/\/joyinterieur.com\/wp-content\/uploads\/2024\/06\/LOGO_NOIR.png\",\"contentUrl\":\"https:\/\/joyinterieur.com\/wp-content\/uploads\/2024\/06\/LOGO_NOIR.png\",\"width\":1900,\"height\":682,\"caption\":\"Joydesign interieur\"},\"image\":{\"@id\":\"https:\/\/joyinterieur.com\/#\/schema\/logo\/image\/\"},\"sameAs\":[\"https:\/\/www.instagram.com\/joydesigninterieur\/\",\"https:\/\/www.linkedin.com\/company\/joydesigninterieur\/?viewAsMember=true\"]}]}<\/script>\n<!-- \/ Yoast SEO plugin. -->","yoast_head_json":{"title":"Caf\u00e9s H\u00f4tels Restaurants - Joydesign int\u00e9rieur","robots":{"index":"index","follow":"follow","max-snippet":"max-snippet:-1","max-image-preview":"max-image-preview:large","max-video-preview":"max-video-preview:-1"},"canonical":"https:\/\/joyinterieur.com\/?page_id=2981","og_locale":"fr_FR","og_type":"article","og_title":"Caf\u00e9s H\u00f4tels Restaurants - Joydesign int\u00e9rieur","og_description":"RESTAURANT L&rsquo;\u00c2TRE LE JARDIN DE QUERCUS PARK H\u00d4TEL BELLEVUE DOMAINE DE LA VILLE HUCHET BRIT H\u00d4TEL","og_url":"https:\/\/joyinterieur.com\/?page_id=2981","og_site_name":"Joydesign int\u00e9rieur","article_modified_time":"2024-07-31T09:52:12+00:00","og_image":[{"url":"https:\/\/joyinterieur.com\/wp-content\/uploads\/2024\/07\/joydesign-interieur-restaurant-latre-entree-1024x683.jpg"}],"twitter_card":"summary_large_image","twitter_misc":{"Dur\u00e9e de lecture estim\u00e9e":"2 minutes"},"schema":{"@context":"https:\/\/schema.org","@graph":[{"@type":"WebPage","@id":"https:\/\/joyinterieur.com\/?page_id=2981","url":"https:\/\/joyinterieur.com\/?page_id=2981","name":"Caf\u00e9s H\u00f4tels Restaurants - Joydesign int\u00e9rieur","isPartOf":{"@id":"https:\/\/joyinterieur.com\/#website"},"primaryImageOfPage":{"@id":"https:\/\/joyinterieur.com\/?page_id=2981#primaryimage"},"image":{"@id":"https:\/\/joyinterieur.com\/?page_id=2981#primaryimage"},"thumbnailUrl":"https:\/\/joyinterieur.com\/wp-content\/uploads\/2024\/07\/joydesign-interieur-restaurant-latre-entree-1024x683.jpg","datePublished":"2024-06-26T15:27:12+00:00","dateModified":"2024-07-31T09:52:12+00:00","breadcrumb":{"@id":"https:\/\/joyinterieur.com\/?page_id=2981#breadcrumb"},"inLanguage":"fr-FR","potentialAction":[{"@type":"ReadAction","target":["https:\/\/joyinterieur.com\/?page_id=2981"]}]},{"@type":"ImageObject","inLanguage":"fr-FR","@id":"https:\/\/joyinterieur.com\/?page_id=2981#primaryimage","url":"https:\/\/joyinterieur.com\/wp-content\/uploads\/2024\/07\/joydesign-interieur-restaurant-latre-entree.jpg","contentUrl":"https:\/\/joyinterieur.com\/wp-content\/uploads\/2024\/07\/joydesign-interieur-restaurant-latre-entree.jpg","width":1900,"height":1268,"caption":"Restaurant L'\u00c2tre \u00e0 Rennes, con\u00e7u par JoyDesign Int\u00e9rieur, mettant en avant des tons chauds et des mat\u00e9riaux effet acier corten sur le bar et au plafond pour r\u00e9v\u00e9ler la chaleur des flammes."},{"@type":"BreadcrumbList","@id":"https:\/\/joyinterieur.com\/?page_id=2981#breadcrumb","itemListElement":[{"@type":"ListItem","position":1,"name":"Accueil","item":"https:\/\/joyinterieur.com\/"},{"@type":"ListItem","position":2,"name":"Caf\u00e9s H\u00f4tels Restaurants"}]},{"@type":"WebSite","@id":"https:\/\/joyinterieur.com\/#website","url":"https:\/\/joyinterieur.com\/","name":"Joydesign int\u00e9rieur","description":"","publisher":{"@id":"https:\/\/joyinterieur.com\/#organization"},"alternateName":"Joydesign int\u00e9rieur","potentialAction":[{"@type":"SearchAction","target":{"@type":"EntryPoint","urlTemplate":"https:\/\/joyinterieur.com\/?s={search_term_string}"},"query-input":"required name=search_term_string"}],"inLanguage":"fr-FR"},{"@type":"Organization","@id":"https:\/\/joyinterieur.com\/#organization","name":"Joydesign interieur","alternateName":"Joydesign interieur","url":"https:\/\/joyinterieur.com\/","logo":{"@type":"ImageObject","inLanguage":"fr-FR","@id":"https:\/\/joyinterieur.com\/#\/schema\/logo\/image\/","url":"https:\/\/joyinterieur.com\/wp-content\/uploads\/2024\/06\/LOGO_NOIR.png","contentUrl":"https:\/\/joyinterieur.com\/wp-content\/uploads\/2024\/06\/LOGO_NOIR.png","width":1900,"height":682,"caption":"Joydesign interieur"},"image":{"@id":"https:\/\/joyinterieur.com\/#\/schema\/logo\/image\/"},"sameAs":["https:\/\/www.instagram.com\/joydesigninterieur\/","https:\/\/www.linkedin.com\/company\/joydesigninterieur\/?viewAsMember=true"]}]}},"uagb_featured_image_src":{"full":false,"thumbnail":false,"medium":false,"medium_large":false,"large":false,"1536x1536":false,"2048x2048":false,"ocean-thumb-m":false,"ocean-thumb-ml":false,"ocean-thumb-l":false},"uagb_author_info":{"display_name":"marie","author_link":"https:\/\/joyinterieur.com\/?author=2"},"uagb_comment_info":0,"uagb_excerpt":"RESTAURANT L&rsquo;\u00c2TRE LE JARDIN DE QUERCUS PARK H\u00d4TEL BELLEVUE DOMAINE DE LA VILLE HUCHET BRIT H\u00d4TEL","_links":{"self":[{"href":"https:\/\/joyinterieur.com\/index.php?rest_route=\/wp\/v2\/pages\/2981"}],"collection":[{"href":"https:\/\/joyinterieur.com\/index.php?rest_route=\/wp\/v2\/pages"}],"about":[{"href":"https:\/\/joyinterieur.com\/index.php?rest_route=\/wp\/v2\/types\/page"}],"author":[{"embeddable":true,"href":"https:\/\/joyinterieur.com\/index.php?rest_route=\/wp\/v2\/users\/2"}],"replies":[{"embeddable":true,"href":"https:\/\/joyinterieur.com\/index.php?rest_route=%2Fwp%2Fv2%2Fcomments&post=2981"}],"version-history":[{"count":43,"href":"https:\/\/joyinterieur.com\/index.php?rest_route=\/wp\/v2\/pages\/2981\/revisions"}],"predecessor-version":[{"id":4223,"href":"https:\/\/joyinterieur.com\/index.php?rest_route=\/wp\/v2\/pages\/2981\/revisions\/4223"}],"wp:attachment":[{"href":"https:\/\/joyinterieur.com\/index.php?rest_route=%2Fwp%2Fv2%2Fmedia&parent=2981"}],"curies":[{"name":"wp","href":"https:\/\/api.w.org\/{rel}","templated":true}]}}